{"id":393,"date":"2012-02-02T00:56:44","date_gmt":"2012-02-01T23:56:44","guid":{"rendered":"http:\/\/www.expomaquinaria.es\/wpblog\/?page_id=393"},"modified":"2024-12-17T00:39:08","modified_gmt":"2024-12-17T22:39:08","slug":"index","status":"publish","type":"page","link":"https:\/\/www.expomaquinaria.es\/wpblog\/index\/","title":{"rendered":"Blog Hosteleria Profesional &#8211; Secretos de Hosteleria"},"content":{"rendered":"<p><strong>Blog Bar &#8211; Blog Hosteleria dedicado al sector profesional, maquinaria y mobiliario para bares, restaurantes y colectividades.<br \/>\n<\/strong><\/p>\n<p>Este blog es mantenido por la empresa EXPOMAQUINARIA, con el objeto de ayudar y formar a nuestro clientes, en el amplio mundo de la hosteler\u00eda a veces es dificil obtener informaci\u00f3n acerca del funcionamiento y caracteristicas de la maquinaria o mobiliario que se utiliza, queremos compartir con vosotros nuestras experiencias en la instalaci\u00f3n y mantenimiento de Mobiliario y Maquinaria de Hosteler\u00eda.<\/p>\n<p>Tambien podeis hacernos llegar consultas y comentarios a este blog hosteleria, que responderemos de la mejor manera posible sobre cualquier tema relacionado con este sector.<\/p>\n<p>Somos Almacenistas y Distribuidores de las mejores marcas Espa\u00f1olas y Europeas de Maquinaria y Mobiliario de Hosteler\u00eda, consideramos que el activo m\u00e1s importante son las personas que integran nuestro equipo de trabajo.<\/p>\n<p>Expomaquinaria I.R.C, S.L. desde sus comienzos, se ha diferenciado por el trato personalizado hacia sus clientes y la venta de productos de primera calidad fabricados en Espa\u00f1a y\/o Uni\u00f3n Europea.<\/p>\n<p>La <strong>satisfacci\u00f3n del cliente<\/strong> es nuestro principal objetivo, y esto incluye asesoramiento, trato personalizado, amplio catalogo, buen servicio post-venta, etc.<\/p>\n<p>Con la entrada de las nuevas tecnolog\u00edas a nuestra vida, y la demanda de nuestros clientes de un acceso r\u00e1pido al catalogo de nuestros productos, \u00a0la empresa Expomaquinaria I.R.C., S.L. en el a\u00f1o 2009 decide implantar la venta on-line como un nuevo servicio hacia nuestros Clientes, manteniendo nuestros principios de asesoramiento y acercamiento al nuestros clientes meniante atenci\u00f3n telef\u00f3nica o a traves del blog hosteler\u00eda \u00abSECRETOS DE HOSTELERIA\u00bb.<\/p>\n<p>&nbsp;<\/p>\n","protected":false},"excerpt":{"rendered":"<p>Blog Bar &#8211; Blog Hosteleria dedicado al sector profesional, maquinaria y mobiliario para bares, restaurantes y colectividades. Este blog es mantenido por la empresa EXPOMAQUINARIA, con el objeto de ayudar y formar a nuestro clientes, en el amplio mundo de la hosteler\u00eda a veces es dificil obtener informaci\u00f3n acerca del funcionamiento y caracteristicas de la [&hellip;]<\/p>\n","protected":false},"author":1,"featured_media":0,"parent":0,"menu_order":0,"comment_status":"open","ping_status":"closed","template":"","meta":{"footnotes":""},"yoast_head":"<!-- This site is optimized with the Yoast SEO plugin v19.5.1 - https:\/\/yoast.com\/wordpress\/plugins\/seo\/ -->\n<title>Blog hosteleria para profesionales - secretos de hosteler\u00eda<\/title>\n<meta name=\"description\" content=\"Blog Hosteleria dedicado al mundo de la hosteleria profesional, maquinaria y mobiliario para bares, restaurantes y colectividades.\" \/>\n<meta name=\"robots\" content=\"index, follow, max-snippet:-1, max-image-preview:large, max-video-preview:-1\" \/>\n<link rel=\"canonical\" href=\"https:\/\/www.expomaquinaria.es\/wpblog\/index\/\" \/>\n<meta property=\"og:locale\" content=\"es_ES\" \/>\n<meta property=\"og:type\" content=\"article\" \/>\n<meta property=\"og:title\" content=\"Blog hosteleria para profesionales - secretos de hosteler\u00eda\" \/>\n<meta property=\"og:description\" content=\"Blog Hosteleria dedicado al mundo de la hosteleria profesional, maquinaria y mobiliario para bares, restaurantes y colectividades.\" \/>\n<meta property=\"og:url\" content=\"https:\/\/www.expomaquinaria.es\/wpblog\/index\/\" \/>\n<meta property=\"og:site_name\" content=\"Blog hosteleria - Secretos de Hosteler\u00eda\" \/>\n<meta property=\"article:publisher\" content=\"https:\/\/www.facebook.com\/expomaquinaria\" \/>\n<meta property=\"article:modified_time\" content=\"2024-12-17T22:39:08+00:00\" \/>\n<meta name=\"twitter:card\" content=\"summary_large_image\" \/>\n<meta name=\"twitter:label1\" content=\"Tiempo de lectura\" \/>\n\t<meta name=\"twitter:data1\" content=\"1 minuto\" \/>\n<script type=\"application\/ld+json\" class=\"yoast-schema-graph\">{\"@context\":\"https:\/\/schema.org\",\"@graph\":[{\"@type\":\"WebPage\",\"@id\":\"https:\/\/www.expomaquinaria.es\/wpblog\/index\/\",\"url\":\"https:\/\/www.expomaquinaria.es\/wpblog\/index\/\",\"name\":\"Blog hosteleria para profesionales - secretos de hosteler\u00eda\",\"isPartOf\":{\"@id\":\"https:\/\/www.expomaquinaria.es\/wpblog\/#website\"},\"datePublished\":\"2012-02-01T23:56:44+00:00\",\"dateModified\":\"2024-12-17T22:39:08+00:00\",\"description\":\"Blog Hosteleria dedicado al mundo de la hosteleria profesional, maquinaria y mobiliario para bares, restaurantes y colectividades.\",\"breadcrumb\":{\"@id\":\"https:\/\/www.expomaquinaria.es\/wpblog\/index\/#breadcrumb\"},\"inLanguage\":\"es\",\"potentialAction\":[{\"@type\":\"ReadAction\",\"target\":[\"https:\/\/www.expomaquinaria.es\/wpblog\/index\/\"]}]},{\"@type\":\"BreadcrumbList\",\"@id\":\"https:\/\/www.expomaquinaria.es\/wpblog\/index\/#breadcrumb\",\"itemListElement\":[{\"@type\":\"ListItem\",\"position\":1,\"name\":\"Portada\",\"item\":\"https:\/\/www.expomaquinaria.es\/wpblog\/\"},{\"@type\":\"ListItem\",\"position\":2,\"name\":\"Blog Hosteleria Profesional &#8211; Secretos de Hosteleria\"}]},{\"@type\":\"WebSite\",\"@id\":\"https:\/\/www.expomaquinaria.es\/wpblog\/#website\",\"url\":\"https:\/\/www.expomaquinaria.es\/wpblog\/\",\"name\":\"Blog hosteleria - Secretos de Hosteler\u00eda\",\"description\":\"Blog hosteleria, Art\u00edculos y noticias del mundo de la hosteler\u00eda y comercio\",\"potentialAction\":[{\"@type\":\"SearchAction\",\"target\":{\"@type\":\"EntryPoint\",\"urlTemplate\":\"https:\/\/www.expomaquinaria.es\/wpblog\/?s={search_term_string}\"},\"query-input\":\"required name=search_term_string\"}],\"inLanguage\":\"es\"}]}<\/script>\n<!-- \/ Yoast SEO plugin. -->","yoast_head_json":{"title":"Blog hosteleria para profesionales - secretos de hosteler\u00eda","description":"Blog Hosteleria dedicado al mundo de la hosteleria profesional, maquinaria y mobiliario para bares, restaurantes y colectividades.","robots":{"index":"index","follow":"follow","max-snippet":"max-snippet:-1","max-image-preview":"max-image-preview:large","max-video-preview":"max-video-preview:-1"},"canonical":"https:\/\/www.expomaquinaria.es\/wpblog\/index\/","og_locale":"es_ES","og_type":"article","og_title":"Blog hosteleria para profesionales - secretos de hosteler\u00eda","og_description":"Blog Hosteleria dedicado al mundo de la hosteleria profesional, maquinaria y mobiliario para bares, restaurantes y colectividades.","og_url":"https:\/\/www.expomaquinaria.es\/wpblog\/index\/","og_site_name":"Blog hosteleria - Secretos de Hosteler\u00eda","article_publisher":"https:\/\/www.facebook.com\/expomaquinaria","article_modified_time":"2024-12-17T22:39:08+00:00","twitter_card":"summary_large_image","twitter_misc":{"Tiempo de lectura":"1 minuto"},"schema":{"@context":"https:\/\/schema.org","@graph":[{"@type":"WebPage","@id":"https:\/\/www.expomaquinaria.es\/wpblog\/index\/","url":"https:\/\/www.expomaquinaria.es\/wpblog\/index\/","name":"Blog hosteleria para profesionales - secretos de hosteler\u00eda","isPartOf":{"@id":"https:\/\/www.expomaquinaria.es\/wpblog\/#website"},"datePublished":"2012-02-01T23:56:44+00:00","dateModified":"2024-12-17T22:39:08+00:00","description":"Blog Hosteleria dedicado al mundo de la hosteleria profesional, maquinaria y mobiliario para bares, restaurantes y colectividades.","breadcrumb":{"@id":"https:\/\/www.expomaquinaria.es\/wpblog\/index\/#breadcrumb"},"inLanguage":"es","potentialAction":[{"@type":"ReadAction","target":["https:\/\/www.expomaquinaria.es\/wpblog\/index\/"]}]},{"@type":"BreadcrumbList","@id":"https:\/\/www.expomaquinaria.es\/wpblog\/index\/#breadcrumb","itemListElement":[{"@type":"ListItem","position":1,"name":"Portada","item":"https:\/\/www.expomaquinaria.es\/wpblog\/"},{"@type":"ListItem","position":2,"name":"Blog Hosteleria Profesional &#8211; Secretos de Hosteleria"}]},{"@type":"WebSite","@id":"https:\/\/www.expomaquinaria.es\/wpblog\/#website","url":"https:\/\/www.expomaquinaria.es\/wpblog\/","name":"Blog hosteleria - Secretos de Hosteler\u00eda","description":"Blog hosteleria, Art\u00edculos y noticias del mundo de la hosteler\u00eda y comercio","potentialAction":[{"@type":"SearchAction","target":{"@type":"EntryPoint","urlTemplate":"https:\/\/www.expomaquinaria.es\/wpblog\/?s={search_term_string}"},"query-input":"required name=search_term_string"}],"inLanguage":"es"}]}},"_links":{"self":[{"href":"https:\/\/www.expomaquinaria.es\/wpblog\/wp-json\/wp\/v2\/pages\/393"}],"collection":[{"href":"https:\/\/www.expomaquinaria.es\/wpblog\/wp-json\/wp\/v2\/pages"}],"about":[{"href":"https:\/\/www.expomaquinaria.es\/wpblog\/wp-json\/wp\/v2\/types\/page"}],"author":[{"embeddable":true,"href":"https:\/\/www.expomaquinaria.es\/wpblog\/wp-json\/wp\/v2\/users\/1"}],"replies":[{"embeddable":true,"href":"https:\/\/www.expomaquinaria.es\/wpblog\/wp-json\/wp\/v2\/comments?post=393"}],"version-history":[{"count":0,"href":"https:\/\/www.expomaquinaria.es\/wpblog\/wp-json\/wp\/v2\/pages\/393\/revisions"}],"wp:attachment":[{"href":"https:\/\/www.expomaquinaria.es\/wpblog\/wp-json\/wp\/v2\/media?parent=393"}],"curies":[{"name":"wp","href":"https:\/\/api.w.org\/{rel}","templated":true}]}}